{"id":22845,"date":"2024-06-22T09:28:09","date_gmt":"2024-06-22T09:28:09","guid":{"rendered":"https:\/\/slegaspy.com.mx\/?post_type=product&#038;p=22845"},"modified":"2025-11-04T00:00:23","modified_gmt":"2025-11-04T00:00:23","slug":"paquete-masaje-corporal-antiestres","status":"publish","type":"product","link":"https:\/\/slegaspy.com.mx\/index.php\/product\/paquete-masaje-corporal-antiestres\/","title":{"rendered":"PAQUETE MASAJE ANTI ESTR\u00c9S"},"content":{"rendered":"<p>Duraci\u00f3n : 60 mins<\/p>\n<p>Procedimiento:<\/p>\n<p>Consiste en llevar el cuerpo y la mente a un estado de calma y desconexi\u00f3n profunda, creando un espacio que induce a fluir , con m\u00fasica ambiental y a trav\u00e9s de movimientos lentos, suaves y armoniosos.<br \/>\nEl masaje relajante nos permite encontrar ese momento en el que dar paz a nuestro ser y poder conectar nuevamente con nuestro propio bienestar<\/p>\n<p>Masaje Manual<\/p>\n","protected":false},"excerpt":{"rendered":"<p>Duraci\u00f3n : 60 mins Procedimiento: Consiste en llevar el cuerpo y la mente a un estado de calma y desconexi\u00f3n profunda, creando un espacio que induce a fluir , con m\u00fasica ambiental y a trav\u00e9s de movimientos lentos, suaves y armoniosos. El masaje relajante nos permite encontrar ese momento en el que dar paz a [&hellip;]<\/p>\n","protected":false},"featured_media":23729,"template":"","meta":{"_monsterinsights_skip_tracking":false,"_monsterinsights_sitenote_active":false,"_monsterinsights_sitenote_note":"","_monsterinsights_sitenote_category":0},"product_brand":[],"product_cat":[91,132,104],"product_tag":[],"class_list":{"0":"post-22845","1":"product","2":"type-product","3":"status-publish","4":"has-post-thumbnail","6":"product_cat-corporales","7":"product_cat-paquetes","8":"product_cat-servicio","10":"first","11":"instock","12":"taxable","13":"shipping-taxable","14":"purchasable","15":"product-type-simple","16":"add-to-wishlist-after_add_to_cart"},"aioseo_notices":[],"jetpack_sharing_enabled":true,"_links":{"self":[{"href":"https:\/\/slegaspy.com.mx\/index.php\/wp-json\/wp\/v2\/product\/22845","targetHints":{"allow":["GET"]}}],"collection":[{"href":"https:\/\/slegaspy.com.mx\/index.php\/wp-json\/wp\/v2\/product"}],"about":[{"href":"https:\/\/slegaspy.com.mx\/index.php\/wp-json\/wp\/v2\/types\/product"}],"version-history":[{"count":2,"href":"https:\/\/slegaspy.com.mx\/index.php\/wp-json\/wp\/v2\/product\/22845\/revisions"}],"predecessor-version":[{"id":23730,"href":"https:\/\/slegaspy.com.mx\/index.php\/wp-json\/wp\/v2\/product\/22845\/revisions\/23730"}],"wp:featuredmedia":[{"embeddable":true,"href":"https:\/\/slegaspy.com.mx\/index.php\/wp-json\/wp\/v2\/media\/23729"}],"wp:attachment":[{"href":"https:\/\/slegaspy.com.mx\/index.php\/wp-json\/wp\/v2\/media?parent=22845"}],"wp:term":[{"taxonomy":"product_brand","embeddable":true,"href":"https:\/\/slegaspy.com.mx\/index.php\/wp-json\/wp\/v2\/product_brand?post=22845"},{"taxonomy":"product_cat","embeddable":true,"href":"https:\/\/slegaspy.com.mx\/index.php\/wp-json\/wp\/v2\/product_cat?post=22845"},{"taxonomy":"product_tag","embeddable":true,"href":"https:\/\/slegaspy.com.mx\/index.php\/wp-json\/wp\/v2\/product_tag?post=22845"}],"curies":[{"name":"wp","href":"https:\/\/api.w.org\/{rel}","templated":true}]}}